{"id":23,"date":"2018-09-26T08:49:00","date_gmt":"2018-09-26T08:49:00","guid":{"rendered":"https:\/\/websitedemos.net\/italian-restaurant-01\/?page_id=8"},"modified":"2024-10-30T10:56:04","modified_gmt":"2024-10-30T10:56:04","slug":"contact","status":"publish","type":"page","link":"https:\/\/bodegapotxolo.com\/en\/contact\/","title":{"rendered":"Contact"},"content":{"rendered":"\t\t<div data-elementor-type=\"wp-post\" data-elementor-id=\"23\" class=\"elementor elementor-23\" data-elementor-post-type=\"page\">\n\t\t\t\t\t\t<section class=\"elementor-section elementor-top-section elementor-element elementor-element-3fb3279 elementor-section-height-min-height elementor-section-boxed elementor-section-height-default elementor-section-items-middle\" data-id=\"3fb3279\" data-element_type=\"section\" data-e-type=\"section\" data-settings=\"{&quot;background_background&quot;:&quot;classic&quot;}\">\n\t\t\t\t\t\t\t<div class=\"elementor-background-overlay\"><\/div>\n\t\t\t\t\t\t\t<div class=\"elementor-container elementor-column-gap-default\">\n\t\t\t\t\t<div class=\"elementor-column elementor-col-100 elementor-top-column elementor-element elementor-element-1853c44\" data-id=\"1853c44\" data-element_type=\"column\" data-e-type=\"column\">\n\t\t\t<div class=\"elementor-widget-wrap elementor-element-populated\">\n\t\t\t\t\t\t<div class=\"elementor-element elementor-element-bf53bd0 elementor-widget elementor-widget-heading\" data-id=\"bf53bd0\" data-element_type=\"widget\" data-e-type=\"widget\" data-widget_type=\"heading.default\">\n\t\t\t\t<div class=\"elementor-widget-container\">\n\t\t\t\t\t<h3 class=\"elementor-heading-title elementor-size-default\"><a href=\"#\">T\u00e9l: 01 43 72 24 60<\/a><\/h3>\t\t\t\t<\/div>\n\t\t\t\t<\/div>\n\t\t\t\t<div class=\"elementor-element elementor-element-32f2810 elementor-widget elementor-widget-wp-widget-wpforms-widget\" data-id=\"32f2810\" data-element_type=\"widget\" data-e-type=\"widget\" data-widget_type=\"wp-widget-wpforms-widget.default\">\n\t\t\t\t<div class=\"elementor-widget-container\">\n\t\t\t\t\t<div class=\"wpforms-container \" id=\"wpforms-17\"><form id=\"wpforms-form-17\" class=\"wpforms-validate wpforms-form\" data-formid=\"17\" method=\"post\" enctype=\"multipart\/form-data\" action=\"\/en\/wp-json\/wp\/v2\/pages\/23\" data-token=\"18491238134fc5a23bd960b91d55b8eb\" data-token-time=\"1776384433\"><noscript class=\"wpforms-error-noscript\">Please enable JavaScript in your browser to complete this form.<\/noscript><div class=\"wpforms-field-container\"><div id=\"wpforms-17-field_0-container\" class=\"wpforms-field wpforms-field-name\" data-field-id=\"0\"><label class=\"wpforms-field-label\" for=\"wpforms-17-field_0\">Nom <span class=\"wpforms-required-label\">*<\/span><\/label><input type=\"text\" id=\"wpforms-17-field_0\" class=\"wpforms-field-medium wpforms-field-required\" name=\"wpforms[fields][0]\" required><\/div><div id=\"wpforms-17-field_1-container\" class=\"wpforms-field wpforms-field-email\" data-field-id=\"1\"><label class=\"wpforms-field-label\" for=\"wpforms-17-field_1\">Email <span class=\"wpforms-required-label\">*<\/span><\/label><input type=\"email\" id=\"wpforms-17-field_1\" class=\"wpforms-field-medium wpforms-field-required\" name=\"wpforms[fields][1]\" spellcheck=\"false\" required><\/div><div id=\"wpforms-17-field_8-container\" class=\"wpforms-field wpforms-field-text\" data-field-id=\"8\"><label class=\"wpforms-field-label\" for=\"wpforms-17-field_8\">Date de r\u00e9servation <span class=\"wpforms-required-label\">*<\/span><\/label><input type=\"text\" id=\"wpforms-17-field_8\" class=\"wpforms-field-medium wpforms-field-required\" name=\"wpforms[fields][8]\" required><\/div><div id=\"wpforms-17-field_9-container\" class=\"wpforms-field wpforms-field-text\" data-field-id=\"9\"><label class=\"wpforms-field-label\" for=\"wpforms-17-field_9\">Heure d&#039;arriv\u00e9e <span class=\"wpforms-required-label\">*<\/span><\/label><input type=\"text\" id=\"wpforms-17-field_9\" class=\"wpforms-field-medium wpforms-field-required\" name=\"wpforms[fields][9]\" required><\/div><div id=\"wpforms-17-field_6-container\" class=\"wpforms-field wpforms-field-select wpforms-field-select-style-classic\" data-field-id=\"6\"><label class=\"wpforms-field-label\" for=\"wpforms-17-field_6\">Nombre de personnes <span class=\"wpforms-required-label\">*<\/span><\/label><select id=\"wpforms-17-field_6\" class=\"wpforms-field-medium wpforms-field-required\" name=\"wpforms[fields][6]\" required=\"required\"><option value=\"Choice 10\"  class=\"choice-10 depth-1\"  >Choice 10<\/option><option value=\"2\"  class=\"choice-1 depth-1\"  >2<\/option><option value=\"3\"  class=\"choice-2 depth-1\"  >3<\/option><option value=\"4\"  class=\"choice-3 depth-1\"  >4<\/option><option value=\"5\"  class=\"choice-6 depth-1\"  >5<\/option><option value=\"6\"  class=\"choice-5 depth-1\"  >6<\/option><option value=\"7\"  class=\"choice-4 depth-1\"  >7<\/option><option value=\"8\"  class=\"choice-7 depth-1\"  >8<\/option><option value=\"8\"  class=\"choice-8 depth-1\"  >8<\/option><option value=\"10\"  class=\"choice-9 depth-1\"  >10<\/option><\/select><\/div><div id=\"wpforms-17-field_5-container\" class=\"wpforms-field wpforms-field-number\" data-field-id=\"5\"><label class=\"wpforms-field-label\" for=\"wpforms-17-field_5\">Contact No. <span class=\"wpforms-required-label\">*<\/span><\/label><input type=\"number\" id=\"wpforms-17-field_5\" class=\"wpforms-field-medium wpforms-field-required\" name=\"wpforms[fields][5]\" step=\"any\" required><\/div><div id=\"wpforms-17-field_2-container\" class=\"wpforms-field wpforms-field-textarea\" data-field-id=\"2\"><label class=\"wpforms-field-label\" for=\"wpforms-17-field_2\">Message <span class=\"wpforms-required-label\">*<\/span><\/label><textarea id=\"wpforms-17-field_2\" class=\"wpforms-field-small wpforms-field-required\" name=\"wpforms[fields][2]\" required><\/textarea><\/div><\/div><!-- .wpforms-field-container --><div class=\"wpforms-field wpforms-field-hp\"><label for=\"wpforms-17-field-hp\" class=\"wpforms-field-label\">Name<\/label><input type=\"text\" name=\"wpforms[hp]\" id=\"wpforms-17-field-hp\" class=\"wpforms-field-medium\"><\/div><div class=\"wpforms-recaptcha-container wpforms-is-recaptcha wpforms-is-recaptcha-type-v2\" ><div class=\"g-recaptcha\" data-sitekey=\"6Lf7SsUUAAAAAJWBLeFYWBKub9-bK5WNP0im-qVn\"><\/div><input type=\"text\" name=\"g-recaptcha-hidden\" class=\"wpforms-recaptcha-hidden\" style=\"position:absolute!important;clip:rect(0,0,0,0)!important;height:1px!important;width:1px!important;border:0!important;overflow:hidden!important;padding:0!important;margin:0!important;\" data-rule-recaptcha=\"1\"><\/div><div class=\"wpforms-submit-container\" ><input type=\"hidden\" name=\"wpforms[id]\" value=\"17\"><input type=\"hidden\" name=\"page_title\" value=\"\"><input type=\"hidden\" name=\"page_url\" value=\"https:\/\/bodegapotxolo.com\/en\/wp-json\/wp\/v2\/pages\/23\"><input type=\"hidden\" name=\"url_referer\" value=\"https:\/\/bodegapotxolo.com\/en\/contact\/\"><button type=\"submit\" name=\"wpforms[submit]\" id=\"wpforms-submit-17\" class=\"wpforms-submit\" data-alt-text=\"Envoi...\" data-submit-text=\"ENVOYER MESSAGE\" aria-live=\"assertive\" value=\"wpforms-submit\">ENVOYER MESSAGE<\/button><\/div><\/form><\/div>  <!-- .wpforms-container -->\t\t\t\t<\/div>\n\t\t\t\t<\/div>\n\t\t\t\t<div class=\"elementor-element elementor-element-e67c87e elementor-widget elementor-widget-heading\" data-id=\"e67c87e\" data-element_type=\"widget\" data-e-type=\"widget\" data-widget_type=\"heading.default\">\n\t\t\t\t<div class=\"elementor-widget-container\">\n\t\t\t\t\t<h2 class=\"elementor-heading-title elementor-size-default\">Le d\u00e9lai moyen de r\u00e9ponse est de quelques heures, si vous souhaitez une confirmation imm\u00e9diate merci de nous appeler.<\/h2>\t\t\t\t<\/div>\n\t\t\t\t<\/div>\n\t\t\t\t<div class=\"elementor-element elementor-element-7dca2e76 elementor-widget elementor-widget-heading\" data-id=\"7dca2e76\" data-element_type=\"widget\" data-e-type=\"widget\" data-widget_type=\"heading.default\">\n\t\t\t\t<div class=\"elementor-widget-container\">\n\t\t\t\t\t<h2 class=\"elementor-heading-title elementor-size-default\">Horaires<\/h2>\t\t\t\t<\/div>\n\t\t\t\t<\/div>\n\t\t\t\t<div class=\"elementor-element elementor-element-2a344dd elementor-widget elementor-widget-text-editor\" data-id=\"2a344dd\" data-element_type=\"widget\" data-e-type=\"widget\" data-widget_type=\"text-editor.default\">\n\t\t\t\t<div class=\"elementor-widget-container\">\n\t\t\t\t\t\t\t\t\t<p>Du mardi au jeudi\u00a0: de 19h \u00e0 22h30<br \/>Du vendredi au samedi\u00a0: de 19h \u00e0 23h<br \/>Ferm\u00e9 le dimanche et le lundi<\/p>\t\t\t\t\t\t\t\t<\/div>\n\t\t\t\t<\/div>\n\t\t\t\t<div class=\"elementor-element elementor-element-693f89a1 elementor-widget elementor-widget-heading\" data-id=\"693f89a1\" data-element_type=\"widget\" data-e-type=\"widget\" data-widget_type=\"heading.default\">\n\t\t\t\t<div class=\"elementor-widget-container\">\n\t\t\t\t\t<h2 class=\"elementor-heading-title elementor-size-default\">7 Rue de la Forge Royale, 75011 Paris<\/h2>\t\t\t\t<\/div>\n\t\t\t\t<\/div>\n\t\t\t\t\t<\/div>\n\t\t<\/div>\n\t\t\t\t\t<\/div>\n\t\t<\/section>\n\t\t\t\t<\/div>\n\t\t","protected":false},"excerpt":{"rendered":"<p>T\u00e9l: 01 43 72 24 60 Le d\u00e9lai moyen de r\u00e9ponse est de quelques heures, si vous souhaitez une confirmation imm\u00e9diate merci de nous appeler. Horaires Du mardi au jeudi\u00a0: de 19h \u00e0 22h30Du vendredi au samedi\u00a0: de 19h \u00e0 23hFerm\u00e9 le dimanche et le lundi 7 Rue de la Forge Royale, 75011 Paris<\/p>","protected":false},"author":2,"featured_media":0,"parent":0,"menu_order":0,"comment_status":"closed","ping_status":"closed","template":"","meta":{"site-sidebar-layout":"no-sidebar","site-content-layout":"page-builder","ast-site-content-layout":"default","site-content-style":"default","site-sidebar-style":"default","ast-global-header-display":"","ast-banner-title-visibility":"","ast-main-header-display":"","ast-hfb-above-header-display":"","ast-hfb-below-header-display":"","ast-hfb-mobile-header-display":"","site-post-title":"disabled","ast-breadcrumbs-content":"","ast-featured-img":"disabled","footer-sml-layout":"","ast-disable-related-posts":"","theme-transparent-header-meta":"","adv-header-id-meta":"","stick-header-meta":"","header-above-stick-meta":"","header-main-stick-meta":"","header-below-stick-meta":"","astra-migrate-meta-layouts":"default","ast-page-background-enabled":"default","ast-page-background-meta":{"desktop":{"background-color":"var(--ast-global-color-4)","background-image":"","background-repeat":"repeat","background-position":"center center","background-size":"auto","background-attachment":"scroll","background-type":"","background-media":"","overlay-type":"","overlay-color":"","overlay-opacity":"","overlay-gradient":""},"tablet":{"background-color":"","background-image":"","background-repeat":"repeat","background-position":"center center","background-size":"auto","background-attachment":"scroll","background-type":"","background-media":"","overlay-type":"","overlay-color":"","overlay-opacity":"","overlay-gradient":""},"mobile":{"background-color":"","background-image":"","background-repeat":"repeat","background-position":"center center","background-size":"auto","background-attachment":"scroll","background-type":"","background-media":"","overlay-type":"","overlay-color":"","overlay-opacity":"","overlay-gradient":""}},"ast-content-background-meta":{"desktop":{"background-color":"var(--ast-global-color-5)","background-image":"","background-repeat":"repeat","background-position":"center center","background-size":"auto","background-attachment":"scroll","background-type":"","background-media":"","overlay-type":"","overlay-color":"","overlay-opacity":"","overlay-gradient":""},"tablet":{"background-color":"var(--ast-global-color-5)","background-image":"","background-repeat":"repeat","background-position":"center center","background-size":"auto","background-attachment":"scroll","background-type":"","background-media":"","overlay-type":"","overlay-color":"","overlay-opacity":"","overlay-gradient":""},"mobile":{"background-color":"var(--ast-global-color-5)","background-image":"","background-repeat":"repeat","background-position":"center center","background-size":"auto","background-attachment":"scroll","background-type":"","background-media":"","overlay-type":"","overlay-color":"","overlay-opacity":"","overlay-gradient":""}},"footnotes":""},"class_list":["post-23","page","type-page","status-publish","hentry"],"yoast_head":"<!-- This site is optimized with the Yoast SEO plugin v27.4 - https:\/\/yoast.com\/product\/yoast-seo-wordpress\/ -->\n<title>Contact - Bodega Potxolo - Tapas Paris<\/title>\n<meta name=\"robots\" content=\"index, follow, max-snippet:-1, max-image-preview:large, max-video-preview:-1\" \/>\n<link rel=\"canonical\" href=\"https:\/\/bodegapotxolo.com\/en\/contact\/\" \/>\n<meta property=\"og:locale\" content=\"en_GB\" \/>\n<meta property=\"og:type\" content=\"article\" \/>\n<meta property=\"og:title\" content=\"Contact - Bodega Potxolo - Tapas Paris\" \/>\n<meta property=\"og:description\" content=\"T\u00e9l: 01 43 72 24 60 Le d\u00e9lai moyen de r\u00e9ponse est de quelques heures, si vous souhaitez une confirmation imm\u00e9diate merci de nous appeler. Horaires Du mardi au jeudi\u00a0: de 19h \u00e0 22h30Du vendredi au samedi\u00a0: de 19h \u00e0 23hFerm\u00e9 le dimanche et le lundi 7 Rue de la Forge Royale, 75011 Paris\" \/>\n<meta property=\"og:url\" content=\"https:\/\/bodegapotxolo.com\/en\/contact\/\" \/>\n<meta property=\"og:site_name\" content=\"Bodega Potxolo - Tapas Paris\" \/>\n<meta property=\"article:modified_time\" content=\"2024-10-30T10:56:04+00:00\" \/>\n<meta name=\"twitter:card\" content=\"summary_large_image\" \/>\n<meta name=\"twitter:label1\" content=\"Estimated reading time\" \/>\n\t<meta name=\"twitter:data1\" content=\"1 minute\" \/>\n<script type=\"application\/ld+json\" class=\"yoast-schema-graph\">{\"@context\":\"https:\\\/\\\/schema.org\",\"@graph\":[{\"@type\":\"WebPage\",\"@id\":\"https:\\\/\\\/bodegapotxolo.com\\\/contact\\\/\",\"url\":\"https:\\\/\\\/bodegapotxolo.com\\\/contact\\\/\",\"name\":\"Contact - Bodega Potxolo - Tapas Paris\",\"isPartOf\":{\"@id\":\"https:\\\/\\\/bodegapotxolo.com\\\/#website\"},\"datePublished\":\"2018-09-26T08:49:00+00:00\",\"dateModified\":\"2024-10-30T10:56:04+00:00\",\"breadcrumb\":{\"@id\":\"https:\\\/\\\/bodegapotxolo.com\\\/contact\\\/#breadcrumb\"},\"inLanguage\":\"en-GB\",\"potentialAction\":[{\"@type\":\"ReadAction\",\"target\":[\"https:\\\/\\\/bodegapotxolo.com\\\/contact\\\/\"]}]},{\"@type\":\"BreadcrumbList\",\"@id\":\"https:\\\/\\\/bodegapotxolo.com\\\/contact\\\/#breadcrumb\",\"itemListElement\":[{\"@type\":\"ListItem\",\"position\":1,\"name\":\"Home\",\"item\":\"https:\\\/\\\/bodegapotxolo.com\\\/\"},{\"@type\":\"ListItem\",\"position\":2,\"name\":\"Contact\"}]},{\"@type\":\"WebSite\",\"@id\":\"https:\\\/\\\/bodegapotxolo.com\\\/#website\",\"url\":\"https:\\\/\\\/bodegapotxolo.com\\\/\",\"name\":\"Bodega Potxolo - Tapas Paris\",\"description\":\"Tapas Paris\",\"publisher\":{\"@id\":\"https:\\\/\\\/bodegapotxolo.com\\\/#organization\"},\"potentialAction\":[{\"@type\":\"SearchAction\",\"target\":{\"@type\":\"EntryPoint\",\"urlTemplate\":\"https:\\\/\\\/bodegapotxolo.com\\\/?s={search_term_string}\"},\"query-input\":{\"@type\":\"PropertyValueSpecification\",\"valueRequired\":true,\"valueName\":\"search_term_string\"}}],\"inLanguage\":\"en-GB\"},{\"@type\":\"Organization\",\"@id\":\"https:\\\/\\\/bodegapotxolo.com\\\/#organization\",\"name\":\"Bodega Potxolo\",\"url\":\"https:\\\/\\\/bodegapotxolo.com\\\/\",\"logo\":{\"@type\":\"ImageObject\",\"inLanguage\":\"en-GB\",\"@id\":\"https:\\\/\\\/bodegapotxolo.com\\\/#\\\/schema\\\/logo\\\/image\\\/\",\"url\":\"https:\\\/\\\/bodegapotxolo.com\\\/wp-content\\\/uploads\\\/2019\\\/11\\\/bodega-poxolo-800px.jpg\",\"contentUrl\":\"https:\\\/\\\/bodegapotxolo.com\\\/wp-content\\\/uploads\\\/2019\\\/11\\\/bodega-poxolo-800px.jpg\",\"width\":800,\"height\":600,\"caption\":\"Bodega Potxolo\"},\"image\":{\"@id\":\"https:\\\/\\\/bodegapotxolo.com\\\/#\\\/schema\\\/logo\\\/image\\\/\"}}]}<\/script>\n<!-- \/ Yoast SEO plugin. -->","yoast_head_json":{"title":"Contact - Bodega Potxolo - Tapas Paris","robots":{"index":"index","follow":"follow","max-snippet":"max-snippet:-1","max-image-preview":"max-image-preview:large","max-video-preview":"max-video-preview:-1"},"canonical":"https:\/\/bodegapotxolo.com\/en\/contact\/","og_locale":"en_GB","og_type":"article","og_title":"Contact - Bodega Potxolo - Tapas Paris","og_description":"T\u00e9l: 01 43 72 24 60 Le d\u00e9lai moyen de r\u00e9ponse est de quelques heures, si vous souhaitez une confirmation imm\u00e9diate merci de nous appeler. Horaires Du mardi au jeudi\u00a0: de 19h \u00e0 22h30Du vendredi au samedi\u00a0: de 19h \u00e0 23hFerm\u00e9 le dimanche et le lundi 7 Rue de la Forge Royale, 75011 Paris","og_url":"https:\/\/bodegapotxolo.com\/en\/contact\/","og_site_name":"Bodega Potxolo - Tapas Paris","article_modified_time":"2024-10-30T10:56:04+00:00","twitter_card":"summary_large_image","twitter_misc":{"Estimated reading time":"1 minute"},"schema":{"@context":"https:\/\/schema.org","@graph":[{"@type":"WebPage","@id":"https:\/\/bodegapotxolo.com\/contact\/","url":"https:\/\/bodegapotxolo.com\/contact\/","name":"Contact - Bodega Potxolo - Tapas Paris","isPartOf":{"@id":"https:\/\/bodegapotxolo.com\/#website"},"datePublished":"2018-09-26T08:49:00+00:00","dateModified":"2024-10-30T10:56:04+00:00","breadcrumb":{"@id":"https:\/\/bodegapotxolo.com\/contact\/#breadcrumb"},"inLanguage":"en-GB","potentialAction":[{"@type":"ReadAction","target":["https:\/\/bodegapotxolo.com\/contact\/"]}]},{"@type":"BreadcrumbList","@id":"https:\/\/bodegapotxolo.com\/contact\/#breadcrumb","itemListElement":[{"@type":"ListItem","position":1,"name":"Home","item":"https:\/\/bodegapotxolo.com\/"},{"@type":"ListItem","position":2,"name":"Contact"}]},{"@type":"WebSite","@id":"https:\/\/bodegapotxolo.com\/#website","url":"https:\/\/bodegapotxolo.com\/","name":"Bodega Potxolo - Tapas Paris","description":"Tapas Paris","publisher":{"@id":"https:\/\/bodegapotxolo.com\/#organization"},"potentialAction":[{"@type":"SearchAction","target":{"@type":"EntryPoint","urlTemplate":"https:\/\/bodegapotxolo.com\/?s={search_term_string}"},"query-input":{"@type":"PropertyValueSpecification","valueRequired":true,"valueName":"search_term_string"}}],"inLanguage":"en-GB"},{"@type":"Organization","@id":"https:\/\/bodegapotxolo.com\/#organization","name":"Bodega Potxolo","url":"https:\/\/bodegapotxolo.com\/","logo":{"@type":"ImageObject","inLanguage":"en-GB","@id":"https:\/\/bodegapotxolo.com\/#\/schema\/logo\/image\/","url":"https:\/\/bodegapotxolo.com\/wp-content\/uploads\/2019\/11\/bodega-poxolo-800px.jpg","contentUrl":"https:\/\/bodegapotxolo.com\/wp-content\/uploads\/2019\/11\/bodega-poxolo-800px.jpg","width":800,"height":600,"caption":"Bodega Potxolo"},"image":{"@id":"https:\/\/bodegapotxolo.com\/#\/schema\/logo\/image\/"}}]}},"_links":{"self":[{"href":"https:\/\/bodegapotxolo.com\/en\/wp-json\/wp\/v2\/pages\/23","targetHints":{"allow":["GET"]}}],"collection":[{"href":"https:\/\/bodegapotxolo.com\/en\/wp-json\/wp\/v2\/pages"}],"about":[{"href":"https:\/\/bodegapotxolo.com\/en\/wp-json\/wp\/v2\/types\/page"}],"author":[{"embeddable":true,"href":"https:\/\/bodegapotxolo.com\/en\/wp-json\/wp\/v2\/users\/2"}],"replies":[{"embeddable":true,"href":"https:\/\/bodegapotxolo.com\/en\/wp-json\/wp\/v2\/comments?post=23"}],"version-history":[{"count":5,"href":"https:\/\/bodegapotxolo.com\/en\/wp-json\/wp\/v2\/pages\/23\/revisions"}],"predecessor-version":[{"id":1349,"href":"https:\/\/bodegapotxolo.com\/en\/wp-json\/wp\/v2\/pages\/23\/revisions\/1349"}],"wp:attachment":[{"href":"https:\/\/bodegapotxolo.com\/en\/wp-json\/wp\/v2\/media?parent=23"}],"curies":[{"name":"wp","href":"https:\/\/api.w.org\/{rel}","templated":true}]}}